{"id":1482,"date":"2025-03-14T11:10:40","date_gmt":"2025-03-14T17:10:40","guid":{"rendered":"https:\/\/ceotec.com.mx\/wps\/?page_id=1482"},"modified":"2025-03-24T09:37:02","modified_gmt":"2025-03-24T15:37:02","slug":"seguridad-patrimonial","status":"publish","type":"page","link":"https:\/\/ceotec.com.mx\/wps\/seguridad-patrimonial\/","title":{"rendered":"Seguridad patrimonial"},"content":{"rendered":"\t\t<div data-elementor-type=\"wp-page\" data-elementor-id=\"1482\" class=\"elementor elementor-1482\">\n\t\t\t\t<div class=\"elementor-element elementor-element-c9f77c6 e-flex e-con-boxed e-con e-parent\" data-id=\"c9f77c6\" data-element_type=\"container\">\n\t\t\t\t\t<div class=\"e-con-inner\">\n\t\t\t\t<div class=\"elementor-element elementor-element-4e4b192 elementor-widget elementor-widget-heading\" data-id=\"4e4b192\" data-element_type=\"widget\" data-widget_type=\"heading.default\">\n\t\t\t\t<div class=\"elementor-widget-container\">\n\t\t\t\t\t<h2 class=\"elementor-heading-title elementor-size-default\">Servicio: Seguridad Patrimonial<\/h2>\t\t\t\t<\/div>\n\t\t\t\t<\/div>\n\t\t\t\t\t<\/div>\n\t\t\t\t<\/div>\n\t\t<div class=\"elementor-element elementor-element-980a15d e-flex e-con-boxed e-con e-parent\" data-id=\"980a15d\" data-element_type=\"container\">\n\t\t\t\t\t<div class=\"e-con-inner\">\n\t\t\t\t<div class=\"elementor-element elementor-element-3441f9a elementor-widget elementor-widget-text-editor\" data-id=\"3441f9a\" data-element_type=\"widget\" data-widget_type=\"text-editor.default\">\n\t\t\t\t<div class=\"elementor-widget-container\">\n\t\t\t\t\t\t\t\t\t<p>La seguridad en nuestros hogares y negocios es fundamental. En CEOTEC, nos dedicamos a ofrecer soluciones integrales en venta, instalaci\u00f3n y mantenimiento de equipos de video vigilancia, porque sabemos que la tranquilidad no tiene precio.<\/p>\t\t\t\t\t\t\t\t<\/div>\n\t\t\t\t<\/div>\n\t\t\t\t\t<\/div>\n\t\t\t\t<\/div>\n\t\t<div class=\"elementor-element elementor-element-ca37a49 e-flex e-con-boxed e-con e-parent\" data-id=\"ca37a49\" data-element_type=\"container\">\n\t\t\t\t\t<div class=\"e-con-inner\">\n\t\t<div class=\"elementor-element elementor-element-993f53a e-con-full e-flex e-con e-child\" data-id=\"993f53a\" data-element_type=\"container\">\n\t\t<div class=\"elementor-element elementor-element-fb37035 e-con-full e-flex e-con e-child\" data-id=\"fb37035\" data-element_type=\"container\">\n\t\t\t\t<div class=\"elementor-element elementor-element-952bc50 elementor-widget elementor-widget-text-editor\" data-id=\"952bc50\" data-element_type=\"widget\" data-widget_type=\"text-editor.default\">\n\t\t\t\t<div class=\"elementor-widget-container\">\n\t\t\t\t\t\t\t\t\t<p>Imagina poder monitorear tu propiedad en tiempo real, desde cualquier lugar y en cualquier momento. Nuestros sistemas de video vigilancia est\u00e1n dise\u00f1ados con la \u00faltima tecnolog\u00eda, garantizando im\u00e1genes n\u00edtidas y un funcionamiento confiable. Ya sea que necesites proteger tu hogar, tu negocio o cualquier espacio que te importe, tenemos la soluci\u00f3n perfecta para ti.<\/p>\t\t\t\t\t\t\t\t<\/div>\n\t\t\t\t<\/div>\n\t\t<div class=\"elementor-element elementor-element-b584f28 e-con-full e-flex e-con e-child\" data-id=\"b584f28\" data-element_type=\"container\">\n\t\t\t\t<div class=\"elementor-element elementor-element-17d3408 elementor-widget elementor-widget-heading\" data-id=\"17d3408\" data-element_type=\"widget\" data-widget_type=\"heading.default\">\n\t\t\t\t<div class=\"elementor-widget-container\">\n\t\t\t\t\t<h2 class=\"elementor-heading-title elementor-size-default\">Principales beneficios<\/h2>\t\t\t\t<\/div>\n\t\t\t\t<\/div>\n\t\t\t\t<div class=\"elementor-element elementor-element-8bd372f elementor-icon-list--layout-traditional elementor-list-item-link-full_width elementor-widget elementor-widget-icon-list\" data-id=\"8bd372f\" data-element_type=\"widget\" data-widget_type=\"icon-list.default\">\n\t\t\t\t<div class=\"elementor-widget-container\">\n\t\t\t\t\t\t\t<ul class=\"elementor-icon-list-items\">\n\t\t\t\t\t\t\t<li class=\"elementor-icon-list-item\">\n\t\t\t\t\t\t\t\t\t\t\t<span class=\"elementor-icon-list-icon\">\n\t\t\t\t\t\t\t<svg aria-hidden=\"true\" class=\"e-font-icon-svg e-fas-check\" viewBox=\"0 0 512 512\" xmlns=\"http:\/\/www.w3.org\/2000\/svg\"><path d=\"M173.898 439.404l-166.4-166.4c-9.997-9.997-9.997-26.206 0-36.204l36.203-36.204c9.997-9.998 26.207-9.998 36.204 0L192 312.69 432.095 72.596c9.997-9.997 26.207-9.997 36.204 0l36.203 36.204c9.997 9.997 9.997 26.206 0 36.204l-294.4 294.401c-9.998 9.997-26.207 9.997-36.204-.001z\"><\/path><\/svg>\t\t\t\t\t\t<\/span>\n\t\t\t\t\t\t\t\t\t\t<span class=\"elementor-icon-list-text\">Mayor seguridad patrimonial para hogares y negocios.<\/span>\n\t\t\t\t\t\t\t\t\t<\/li>\n\t\t\t\t\t\t\t\t<li class=\"elementor-icon-list-item\">\n\t\t\t\t\t\t\t\t\t\t\t<span class=\"elementor-icon-list-icon\">\n\t\t\t\t\t\t\t<svg aria-hidden=\"true\" class=\"e-font-icon-svg e-fas-check\" viewBox=\"0 0 512 512\" xmlns=\"http:\/\/www.w3.org\/2000\/svg\"><path d=\"M173.898 439.404l-166.4-166.4c-9.997-9.997-9.997-26.206 0-36.204l36.203-36.204c9.997-9.998 26.207-9.998 36.204 0L192 312.69 432.095 72.596c9.997-9.997 26.207-9.997 36.204 0l36.203 36.204c9.997 9.997 9.997 26.206 0 36.204l-294.4 294.401c-9.998 9.997-26.207 9.997-36.204-.001z\"><\/path><\/svg>\t\t\t\t\t\t<\/span>\n\t\t\t\t\t\t\t\t\t\t<span class=\"elementor-icon-list-text\">Monitoreo en tiempo real desde cualquier lugar.<\/span>\n\t\t\t\t\t\t\t\t\t<\/li>\n\t\t\t\t\t\t\t\t<li class=\"elementor-icon-list-item\">\n\t\t\t\t\t\t\t\t\t\t\t<span class=\"elementor-icon-list-icon\">\n\t\t\t\t\t\t\t<svg aria-hidden=\"true\" class=\"e-font-icon-svg e-fas-check\" viewBox=\"0 0 512 512\" xmlns=\"http:\/\/www.w3.org\/2000\/svg\"><path d=\"M173.898 439.404l-166.4-166.4c-9.997-9.997-9.997-26.206 0-36.204l36.203-36.204c9.997-9.998 26.207-9.998 36.204 0L192 312.69 432.095 72.596c9.997-9.997 26.207-9.997 36.204 0l36.203 36.204c9.997 9.997 9.997 26.206 0 36.204l-294.4 294.401c-9.998 9.997-26.207 9.997-36.204-.001z\"><\/path><\/svg>\t\t\t\t\t\t<\/span>\n\t\t\t\t\t\t\t\t\t\t<span class=\"elementor-icon-list-text\">Im\u00e1genes n\u00edtidas y funcionamiento confiable gracias a tecnolog\u00eda avanzada.<\/span>\n\t\t\t\t\t\t\t\t\t<\/li>\n\t\t\t\t\t\t\t\t<li class=\"elementor-icon-list-item\">\n\t\t\t\t\t\t\t\t\t\t\t<span class=\"elementor-icon-list-icon\">\n\t\t\t\t\t\t\t<svg aria-hidden=\"true\" class=\"e-font-icon-svg e-fas-check\" viewBox=\"0 0 512 512\" xmlns=\"http:\/\/www.w3.org\/2000\/svg\"><path d=\"M173.898 439.404l-166.4-166.4c-9.997-9.997-9.997-26.206 0-36.204l36.203-36.204c9.997-9.998 26.207-9.998 36.204 0L192 312.69 432.095 72.596c9.997-9.997 26.207-9.997 36.204 0l36.203 36.204c9.997 9.997 9.997 26.206 0 36.204l-294.4 294.401c-9.998 9.997-26.207 9.997-36.204-.001z\"><\/path><\/svg>\t\t\t\t\t\t<\/span>\n\t\t\t\t\t\t\t\t\t\t<span class=\"elementor-icon-list-text\">Instalaci\u00f3n estrat\u00e9gica para una cobertura \u00f3ptima.<\/span>\n\t\t\t\t\t\t\t\t\t<\/li>\n\t\t\t\t\t\t\t\t<li class=\"elementor-icon-list-item\">\n\t\t\t\t\t\t\t\t\t\t\t<span class=\"elementor-icon-list-icon\">\n\t\t\t\t\t\t\t<svg aria-hidden=\"true\" class=\"e-font-icon-svg e-fas-check\" viewBox=\"0 0 512 512\" xmlns=\"http:\/\/www.w3.org\/2000\/svg\"><path d=\"M173.898 439.404l-166.4-166.4c-9.997-9.997-9.997-26.206 0-36.204l36.203-36.204c9.997-9.998 26.207-9.998 36.204 0L192 312.69 432.095 72.596c9.997-9.997 26.207-9.997 36.204 0l36.203 36.204c9.997 9.997 9.997 26.206 0 36.204l-294.4 294.401c-9.998 9.997-26.207 9.997-36.204-.001z\"><\/path><\/svg>\t\t\t\t\t\t<\/span>\n\t\t\t\t\t\t\t\t\t\t<span class=\"elementor-icon-list-text\">Mantenimiento continuo para garantizar protecci\u00f3n constante.<\/span>\n\t\t\t\t\t\t\t\t\t<\/li>\n\t\t\t\t\t\t\t\t<li class=\"elementor-icon-list-item\">\n\t\t\t\t\t\t\t\t\t\t\t<span class=\"elementor-icon-list-icon\">\n\t\t\t\t\t\t\t<svg aria-hidden=\"true\" class=\"e-font-icon-svg e-fas-check\" viewBox=\"0 0 512 512\" xmlns=\"http:\/\/www.w3.org\/2000\/svg\"><path d=\"M173.898 439.404l-166.4-166.4c-9.997-9.997-9.997-26.206 0-36.204l36.203-36.204c9.997-9.998 26.207-9.998 36.204 0L192 312.69 432.095 72.596c9.997-9.997 26.207-9.997 36.204 0l36.203 36.204c9.997 9.997 9.997 26.206 0 36.204l-294.4 294.401c-9.998 9.997-26.207 9.997-36.204-.001z\"><\/path><\/svg>\t\t\t\t\t\t<\/span>\n\t\t\t\t\t\t\t\t\t\t<span class=\"elementor-icon-list-text\">Paz mental al saber que lo que m\u00e1s valoras est\u00e1 protegido.<\/span>\n\t\t\t\t\t\t\t\t\t<\/li>\n\t\t\t\t\t\t<\/ul>\n\t\t\t\t\t\t<\/div>\n\t\t\t\t<\/div>\n\t\t\t\t<\/div>\n\t\t\t\t<\/div>\n\t\t<div class=\"elementor-element elementor-element-331e03e e-con-full e-flex e-con e-child\" data-id=\"331e03e\" data-element_type=\"container\">\n\t\t\t\t<div class=\"elementor-element elementor-element-062b8da elementor-widget elementor-widget-image\" data-id=\"062b8da\" data-element_type=\"widget\" data-widget_type=\"image.default\">\n\t\t\t\t<div class=\"elementor-widget-container\">\n\t\t\t\t\t\t\t\t\t\t\t\t\t\t\t<img fetchpriority=\"high\" decoding=\"async\" width=\"768\" height=\"512\" src=\"https:\/\/ceotec.com.mx\/wps\/wp-content\/uploads\/2025\/03\/hombre-en-escritorio-con-laptop-de-fondo-y-iphone-en-mano-768x512.webp\" class=\"attachment-medium_large size-medium_large wp-image-1638\" alt=\"\" srcset=\"https:\/\/ceotec.com.mx\/wps\/wp-content\/uploads\/2025\/03\/hombre-en-escritorio-con-laptop-de-fondo-y-iphone-en-mano-768x512.webp 768w, https:\/\/ceotec.com.mx\/wps\/wp-content\/uploads\/2025\/03\/hombre-en-escritorio-con-laptop-de-fondo-y-iphone-en-mano-300x200.webp 300w, https:\/\/ceotec.com.mx\/wps\/wp-content\/uploads\/2025\/03\/hombre-en-escritorio-con-laptop-de-fondo-y-iphone-en-mano-1024x683.webp 1024w, https:\/\/ceotec.com.mx\/wps\/wp-content\/uploads\/2025\/03\/hombre-en-escritorio-con-laptop-de-fondo-y-iphone-en-mano-1536x1024.webp 1536w, https:\/\/ceotec.com.mx\/wps\/wp-content\/uploads\/2025\/03\/hombre-en-escritorio-con-laptop-de-fondo-y-iphone-en-mano-2048x1365.webp 2048w, https:\/\/ceotec.com.mx\/wps\/wp-content\/uploads\/2025\/03\/hombre-en-escritorio-con-laptop-de-fondo-y-iphone-en-mano-600x400.webp 600w\" sizes=\"(max-width: 768px) 100vw, 768px\" \/>\t\t\t\t\t\t\t\t\t\t\t\t\t\t\t<\/div>\n\t\t\t\t<\/div>\n\t\t\t\t<\/div>\n\t\t\t\t<\/div>\n\t\t\t\t\t<\/div>\n\t\t\t\t<\/div>\n\t\t<div class=\"elementor-element elementor-element-1d86af9 e-flex e-con-boxed e-con e-parent\" data-id=\"1d86af9\" data-element_type=\"container\" data-settings=\"{&quot;background_background&quot;:&quot;classic&quot;}\">\n\t\t\t\t\t<div class=\"e-con-inner\">\n\t\t\t\t<div class=\"elementor-element elementor-element-34636ef elementor-widget elementor-widget-heading\" data-id=\"34636ef\" data-element_type=\"widget\" data-widget_type=\"heading.default\">\n\t\t\t\t<div class=\"elementor-widget-container\">\n\t\t\t\t\t<h2 class=\"elementor-heading-title elementor-size-default\">Encuentra el equipo ideal para ti<\/h2>\t\t\t\t<\/div>\n\t\t\t\t<\/div>\n\t\t\t\t<div class=\"elementor-element elementor-element-1bebbfd elementor-widget elementor-widget-heading\" data-id=\"1bebbfd\" data-element_type=\"widget\" data-widget_type=\"heading.default\">\n\t\t\t\t<div class=\"elementor-widget-container\">\n\t\t\t\t\t<h2 class=\"elementor-heading-title elementor-size-default\">*Aqui van los equipos de video vigilancia<\/h2>\t\t\t\t<\/div>\n\t\t\t\t<\/div>\n\t\t\t\t\t<\/div>\n\t\t\t\t<\/div>\n\t\t<div class=\"elementor-element elementor-element-6814cdb e-flex e-con-boxed e-con e-parent\" data-id=\"6814cdb\" data-element_type=\"container\">\n\t\t\t\t\t<div class=\"e-con-inner\">\n\t\t<div class=\"elementor-element elementor-element-a03a27d e-con-full e-flex e-con e-child\" data-id=\"a03a27d\" data-element_type=\"container\">\n\t\t<div class=\"elementor-element elementor-element-1bf583a e-con-full e-flex e-con e-child\" data-id=\"1bf583a\" data-element_type=\"container\">\n\t\t\t\t<div class=\"elementor-element elementor-element-251298b elementor-widget elementor-widget-image\" data-id=\"251298b\" data-element_type=\"widget\" data-widget_type=\"image.default\">\n\t\t\t\t<div class=\"elementor-widget-container\">\n\t\t\t\t\t\t\t\t\t\t\t\t\t\t\t<img decoding=\"async\" width=\"768\" height=\"519\" src=\"https:\/\/ceotec.com.mx\/wps\/wp-content\/uploads\/2025\/03\/hombre-instalando-camara-768x519.webp\" class=\"attachment-medium_large size-medium_large wp-image-1634\" alt=\"\" srcset=\"https:\/\/ceotec.com.mx\/wps\/wp-content\/uploads\/2025\/03\/hombre-instalando-camara-768x519.webp 768w, https:\/\/ceotec.com.mx\/wps\/wp-content\/uploads\/2025\/03\/hombre-instalando-camara-300x203.webp 300w, https:\/\/ceotec.com.mx\/wps\/wp-content\/uploads\/2025\/03\/hombre-instalando-camara-1024x692.webp 1024w, https:\/\/ceotec.com.mx\/wps\/wp-content\/uploads\/2025\/03\/hombre-instalando-camara-1536x1038.webp 1536w, https:\/\/ceotec.com.mx\/wps\/wp-content\/uploads\/2025\/03\/hombre-instalando-camara-2048x1385.webp 2048w, https:\/\/ceotec.com.mx\/wps\/wp-content\/uploads\/2025\/03\/hombre-instalando-camara-600x406.webp 600w\" sizes=\"(max-width: 768px) 100vw, 768px\" \/>\t\t\t\t\t\t\t\t\t\t\t\t\t\t\t<\/div>\n\t\t\t\t<\/div>\n\t\t\t\t<\/div>\n\t\t<div class=\"elementor-element elementor-element-30abdd4 e-con-full e-flex e-con e-child\" data-id=\"30abdd4\" data-element_type=\"container\">\n\t\t\t\t<div class=\"elementor-element elementor-element-8c7d546 elementor-widget elementor-widget-text-editor\" data-id=\"8c7d546\" data-element_type=\"widget\" data-widget_type=\"text-editor.default\">\n\t\t\t\t<div class=\"elementor-widget-container\">\n\t\t\t\t\t\t\t\t\t<p>Pero no solo vendemos equipos; tambi\u00e9n nos encargamos de la instalaci\u00f3n profesional, asegur\u00e1ndonos de que cada c\u00e1mara est\u00e9 en el lugar adecuado para maximizar la cobertura y la seguridad. Y lo mejor de todo, ofrecemos un servicio de mantenimiento continuo para que siempre est\u00e9s protegido y tu sistema funcione a la perfecci\u00f3n.<\/p><p>En CEOTEC, nuestra misi\u00f3n es brindarte la paz mental que mereces. No dejes la seguridad de lo que m\u00e1s valoras en manos del azar. Cont\u00e1ctanos hoy mismo y descubre c\u00f3mo podemos ayudarte a proteger lo\u00a0que\u00a0m\u00e1s\u00a0amas.<\/p>\t\t\t\t\t\t\t\t<\/div>\n\t\t\t\t<\/div>\n\t\t<div class=\"elementor-element elementor-element-048d4b1 e-con-full e-flex e-con e-child\" data-id=\"048d4b1\" data-element_type=\"container\">\n\t\t\t\t<div class=\"elementor-element elementor-element-de1b067 elementor-widget elementor-widget-heading\" data-id=\"de1b067\" data-element_type=\"widget\" data-widget_type=\"heading.default\">\n\t\t\t\t<div class=\"elementor-widget-container\">\n\t\t\t\t\t<h2 class=\"elementor-heading-title elementor-size-default\">\u00bfNecesitas proteger tu flotilla de veh\u00edculos?<\/h2>\t\t\t\t<\/div>\n\t\t\t\t<\/div>\n\t\t\t\t<div class=\"elementor-element elementor-element-0c9be23 elementor-widget elementor-widget-text-editor\" data-id=\"0c9be23\" data-element_type=\"widget\" data-widget_type=\"text-editor.default\">\n\t\t\t\t<div class=\"elementor-widget-container\">\n\t\t\t\t\t\t\t\t\t<p>Conoce a nuestro socio comercial especializado en el monitoreo y seguimiento de veh\u00edculos de todo tipo.<\/p>\t\t\t\t\t\t\t\t<\/div>\n\t\t\t\t<\/div>\n\t\t\t\t<div class=\"elementor-element elementor-element-da1822f elementor-widget elementor-widget-button\" data-id=\"da1822f\" data-element_type=\"widget\" data-widget_type=\"button.default\">\n\t\t\t\t<div class=\"elementor-widget-container\">\n\t\t\t\t\t\t\t\t\t<div class=\"elementor-button-wrapper\">\n\t\t\t\t\t<a class=\"elementor-button elementor-button-link elementor-size-sm\" href=\"https:\/\/ceotrack.com.mx\/wps\">\n\t\t\t\t\t\t<span class=\"elementor-button-content-wrapper\">\n\t\t\t\t\t\t\t\t\t<span class=\"elementor-button-text\">Ir a CEOTRACK<\/span>\n\t\t\t\t\t<\/span>\n\t\t\t\t\t<\/a>\n\t\t\t\t<\/div>\n\t\t\t\t\t\t\t\t<\/div>\n\t\t\t\t<\/div>\n\t\t\t\t<\/div>\n\t\t\t\t<\/div>\n\t\t\t\t<\/div>\n\t\t\t\t\t<\/div>\n\t\t\t\t<\/div>\n\t\t\t\t<\/div>\n\t\t","protected":false},"excerpt":{"rendered":"<p>Servicio: Seguridad Patrimonial La seguridad en nuestros hogares y negocios es fundamental. En CEOTEC, nos dedicamos a ofrecer soluciones integrales en venta, instalaci\u00f3n y mantenimiento de equipos de video vigilancia, porque sabemos que la tranquilidad no tiene precio. Imagina poder monitorear tu propiedad en tiempo real, desde cualquier lugar y en cualquier momento. Nuestros sistemas [&hellip;]<\/p>\n","protected":false},"author":1,"featured_media":0,"parent":0,"menu_order":0,"comment_status":"closed","ping_status":"closed","template":"","meta":{"ocean_post_layout":"full-screen","ocean_both_sidebars_style":"","ocean_both_sidebars_content_width":0,"ocean_both_sidebars_sidebars_width":0,"ocean_sidebar":"","ocean_second_sidebar":"","ocean_disable_margins":"enable","ocean_add_body_class":"","ocean_shortcode_before_top_bar":"","ocean_shortcode_after_top_bar":"","ocean_shortcode_before_header":"","ocean_shortcode_after_header":"","ocean_has_shortcode":"","ocean_shortcode_after_title":"","ocean_shortcode_before_footer_widgets":"","ocean_shortcode_after_footer_widgets":"","ocean_shortcode_before_footer_bottom":"","ocean_shortcode_after_footer_bottom":"","ocean_display_top_bar":"default","ocean_display_header":"default","ocean_header_style":"","ocean_center_header_left_menu":"","ocean_custom_header_template":"","ocean_custom_logo":0,"ocean_custom_retina_logo":0,"ocean_custom_logo_max_width":0,"ocean_custom_logo_tablet_max_width":0,"ocean_custom_logo_mobile_max_width":0,"ocean_custom_logo_max_height":0,"ocean_custom_logo_tablet_max_height":0,"ocean_custom_logo_mobile_max_height":0,"ocean_header_custom_menu":"","ocean_menu_typo_font_family":"","ocean_menu_typo_font_subset":"","ocean_menu_typo_font_size":0,"ocean_menu_typo_font_size_tablet":0,"ocean_menu_typo_font_size_mobile":0,"ocean_menu_typo_font_size_unit":"px","ocean_menu_typo_font_weight":"","ocean_menu_typo_font_weight_tablet":"","ocean_menu_typo_font_weight_mobile":"","ocean_menu_typo_transform":"","ocean_menu_typo_transform_tablet":"","ocean_menu_typo_transform_mobile":"","ocean_menu_typo_line_height":0,"ocean_menu_typo_line_height_tablet":0,"ocean_menu_typo_line_height_mobile":0,"ocean_menu_typo_line_height_unit":"","ocean_menu_typo_spacing":0,"ocean_menu_typo_spacing_tablet":0,"ocean_menu_typo_spacing_mobile":0,"ocean_menu_typo_spacing_unit":"","ocean_menu_link_color":"","ocean_menu_link_color_hover":"","ocean_menu_link_color_active":"","ocean_menu_link_background":"","ocean_menu_link_hover_background":"","ocean_menu_link_active_background":"","ocean_menu_social_links_bg":"","ocean_menu_social_hover_links_bg":"","ocean_menu_social_links_color":"","ocean_menu_social_hover_links_color":"","ocean_disable_title":"on","ocean_disable_heading":"default","ocean_post_title":"","ocean_post_subheading":"","ocean_post_title_style":"","ocean_post_title_background_color":"","ocean_post_title_background":0,"ocean_post_title_bg_image_position":"","ocean_post_title_bg_image_attachment":"","ocean_post_title_bg_image_repeat":"","ocean_post_title_bg_image_size":"","ocean_post_title_height":0,"ocean_post_title_bg_overlay":0.5,"ocean_post_title_bg_overlay_color":"","ocean_disable_breadcrumbs":"default","ocean_breadcrumbs_color":"","ocean_breadcrumbs_separator_color":"","ocean_breadcrumbs_links_color":"","ocean_breadcrumbs_links_hover_color":"","ocean_display_footer_widgets":"default","ocean_display_footer_bottom":"default","ocean_custom_footer_template":"","_joinchat":[],"footnotes":""},"class_list":["post-1482","page","type-page","status-publish","hentry","entry","owp-thumbs-layout-horizontal","owp-btn-normal","owp-tabs-layout-horizontal","has-no-thumbnails","has-product-nav"],"_links":{"self":[{"href":"https:\/\/ceotec.com.mx\/wps\/wp-json\/wp\/v2\/pages\/1482","targetHints":{"allow":["GET"]}}],"collection":[{"href":"https:\/\/ceotec.com.mx\/wps\/wp-json\/wp\/v2\/pages"}],"about":[{"href":"https:\/\/ceotec.com.mx\/wps\/wp-json\/wp\/v2\/types\/page"}],"author":[{"embeddable":true,"href":"https:\/\/ceotec.com.mx\/wps\/wp-json\/wp\/v2\/users\/1"}],"replies":[{"embeddable":true,"href":"https:\/\/ceotec.com.mx\/wps\/wp-json\/wp\/v2\/comments?post=1482"}],"version-history":[{"count":58,"href":"https:\/\/ceotec.com.mx\/wps\/wp-json\/wp\/v2\/pages\/1482\/revisions"}],"predecessor-version":[{"id":1772,"href":"https:\/\/ceotec.com.mx\/wps\/wp-json\/wp\/v2\/pages\/1482\/revisions\/1772"}],"wp:attachment":[{"href":"https:\/\/ceotec.com.mx\/wps\/wp-json\/wp\/v2\/media?parent=1482"}],"curies":[{"name":"wp","href":"https:\/\/api.w.org\/{rel}","templated":true}]}}