{"id":878,"date":"2025-01-28T12:24:57","date_gmt":"2025-01-28T18:24:57","guid":{"rendered":"https:\/\/ceotec.com.mx\/wps\/?page_id=878"},"modified":"2025-03-18T09:56:31","modified_gmt":"2025-03-18T15:56:31","slug":"quienes-somos","status":"publish","type":"page","link":"https:\/\/ceotec.com.mx\/wps\/quienes-somos\/","title":{"rendered":"Quienes somos"},"content":{"rendered":"\t\t<div data-elementor-type=\"wp-page\" data-elementor-id=\"878\" class=\"elementor elementor-878\">\n\t\t\t\t<div class=\"elementor-element elementor-element-a7a9cc2 e-flex e-con-boxed e-con e-parent\" data-id=\"a7a9cc2\" data-element_type=\"container\">\n\t\t\t\t\t<div class=\"e-con-inner\">\n\t\t<div class=\"elementor-element elementor-element-b3f9be6 e-con-full e-flex e-con e-child\" data-id=\"b3f9be6\" data-element_type=\"container\">\n\t\t\t\t<div class=\"elementor-element elementor-element-3592577 elementor-widget elementor-widget-heading\" data-id=\"3592577\" data-element_type=\"widget\" data-widget_type=\"heading.default\">\n\t\t\t\t<div class=\"elementor-widget-container\">\n\t\t\t\t\t<h2 class=\"elementor-heading-title elementor-size-default\">Somos CEOTEC<\/h2>\t\t\t\t<\/div>\n\t\t\t\t<\/div>\n\t\t\t\t<div class=\"elementor-element elementor-element-2b95e97 elementor-widget elementor-widget-text-editor\" data-id=\"2b95e97\" data-element_type=\"widget\" data-widget_type=\"text-editor.default\">\n\t\t\t\t<div class=\"elementor-widget-container\">\n\t\t\t\t\t\t\t\t\t<p>Somos una empresa dedicada a ofrecer soluciones personalizadas que se adaptan a las necesidades espec\u00edficas de cada cliente. Ya sea que necesites mantenimiento y reparaci\u00f3n de tu equipo de c\u00f3mputo para asegurar su correcto funcionamiento, o que tu negocio est\u00e9 buscando implementar un sistema de punto de venta (POS) para optimizar la gesti\u00f3n de tus ventas, estamos aqu\u00ed para ofrecerte la mejor opci\u00f3n. Nos especializamos en entender tus requerimientos y brindarte soluciones a medida, con un enfoque profesional y compromiso en la calidad de nuestros servicios.<\/p>\t\t\t\t\t\t\t\t<\/div>\n\t\t\t\t<\/div>\n\t\t\t\t<\/div>\n\t\t<div class=\"elementor-element elementor-element-31e3584 e-con-full e-flex e-con e-child\" data-id=\"31e3584\" data-element_type=\"container\">\n\t\t\t\t<div class=\"elementor-element elementor-element-bb90a97 elementor-widget elementor-widget-image\" data-id=\"bb90a97\" data-element_type=\"widget\" data-widget_type=\"image.default\">\n\t\t\t\t<div class=\"elementor-widget-container\">\n\t\t\t\t\t\t\t\t\t\t\t\t\t\t\t<img fetchpriority=\"high\" decoding=\"async\" width=\"1024\" height=\"683\" src=\"https:\/\/ceotec.com.mx\/wps\/wp-content\/uploads\/2025\/01\/ciudad-negocios-trabajo-edificios-1024x683.webp\" class=\"attachment-large size-large wp-image-966\" alt=\"\" srcset=\"https:\/\/ceotec.com.mx\/wps\/wp-content\/uploads\/2025\/01\/ciudad-negocios-trabajo-edificios-1024x683.webp 1024w, https:\/\/ceotec.com.mx\/wps\/wp-content\/uploads\/2025\/01\/ciudad-negocios-trabajo-edificios-300x200.webp 300w, https:\/\/ceotec.com.mx\/wps\/wp-content\/uploads\/2025\/01\/ciudad-negocios-trabajo-edificios-768x512.webp 768w, https:\/\/ceotec.com.mx\/wps\/wp-content\/uploads\/2025\/01\/ciudad-negocios-trabajo-edificios-1536x1024.webp 1536w, https:\/\/ceotec.com.mx\/wps\/wp-content\/uploads\/2025\/01\/ciudad-negocios-trabajo-edificios-2048x1365.webp 2048w, https:\/\/ceotec.com.mx\/wps\/wp-content\/uploads\/2025\/01\/ciudad-negocios-trabajo-edificios-600x400.webp 600w\" sizes=\"(max-width: 1024px) 100vw, 1024px\" \/>\t\t\t\t\t\t\t\t\t\t\t\t\t\t\t<\/div>\n\t\t\t\t<\/div>\n\t\t\t\t<\/div>\n\t\t\t\t\t<\/div>\n\t\t\t\t<\/div>\n\t\t<div class=\"elementor-element elementor-element-90f87e1 e-flex e-con-boxed e-con e-parent\" data-id=\"90f87e1\" data-element_type=\"container\">\n\t\t\t\t\t<div class=\"e-con-inner\">\n\t\t<div class=\"elementor-element elementor-element-7f02123 e-con-full e-flex e-con e-child\" data-id=\"7f02123\" data-element_type=\"container\">\n\t\t\t\t<div class=\"elementor-element elementor-element-5a92d38 elementor-widget elementor-widget-image\" data-id=\"5a92d38\" data-element_type=\"widget\" data-widget_type=\"image.default\">\n\t\t\t\t<div class=\"elementor-widget-container\">\n\t\t\t\t\t\t\t\t\t\t\t\t\t\t\t<img decoding=\"async\" width=\"1024\" height=\"683\" src=\"https:\/\/ceotec.com.mx\/wps\/wp-content\/uploads\/2025\/01\/dos-personas-conversando-1024x683.webp\" class=\"attachment-large size-large wp-image-997\" alt=\"\" srcset=\"https:\/\/ceotec.com.mx\/wps\/wp-content\/uploads\/2025\/01\/dos-personas-conversando-1024x683.webp 1024w, https:\/\/ceotec.com.mx\/wps\/wp-content\/uploads\/2025\/01\/dos-personas-conversando-300x200.webp 300w, https:\/\/ceotec.com.mx\/wps\/wp-content\/uploads\/2025\/01\/dos-personas-conversando-768x512.webp 768w, https:\/\/ceotec.com.mx\/wps\/wp-content\/uploads\/2025\/01\/dos-personas-conversando-1536x1024.webp 1536w, https:\/\/ceotec.com.mx\/wps\/wp-content\/uploads\/2025\/01\/dos-personas-conversando-2048x1365.webp 2048w, https:\/\/ceotec.com.mx\/wps\/wp-content\/uploads\/2025\/01\/dos-personas-conversando-600x400.webp 600w\" sizes=\"(max-width: 1024px) 100vw, 1024px\" \/>\t\t\t\t\t\t\t\t\t\t\t\t\t\t\t<\/div>\n\t\t\t\t<\/div>\n\t\t\t\t<\/div>\n\t\t<div class=\"elementor-element elementor-element-14da81f e-con-full e-flex e-con e-child\" data-id=\"14da81f\" data-element_type=\"container\">\n\t\t\t\t<div class=\"elementor-element elementor-element-52f6496 elementor-widget elementor-widget-heading\" data-id=\"52f6496\" data-element_type=\"widget\" data-widget_type=\"heading.default\">\n\t\t\t\t<div class=\"elementor-widget-container\">\n\t\t\t\t\t<h2 class=\"elementor-heading-title elementor-size-default\">\u00bfPor qu\u00e9 elegir CEOTEC?<\/h2>\t\t\t\t<\/div>\n\t\t\t\t<\/div>\n\t\t\t\t<div class=\"elementor-element elementor-element-3010fc2 elementor-widget elementor-widget-text-editor\" data-id=\"3010fc2\" data-element_type=\"widget\" data-widget_type=\"text-editor.default\">\n\t\t\t\t<div class=\"elementor-widget-container\">\n\t\t\t\t\t\t\t\t\t<p>En CEOTEC, nuestro objetivo es garantizar la satisfacci\u00f3n total de nuestros clientes mediante soluciones efectivas y adaptadas a sus necesidades. Ya sea realizando mantenimiento a un equipo de c\u00f3mputo, instalando un punto de venta o dise\u00f1ando una soluci\u00f3n para un problema espec\u00edfico, nos comprometemos a trabajar con la m\u00e1s alta calidad y profesionalismo. Adem\u00e1s, somos partners oficiales de TP-Link y ASPEL, por lo que puede estar seguro de que le ofreceremos el mejor servicio relacionado con estos productos.<\/p>\t\t\t\t\t\t\t\t<\/div>\n\t\t\t\t<\/div>\n\t\t\t\t<\/div>\n\t\t\t\t\t<\/div>\n\t\t\t\t<\/div>\n\t\t\t\t<\/div>\n\t\t","protected":false},"excerpt":{"rendered":"<p>Somos CEOTEC Somos una empresa dedicada a ofrecer soluciones personalizadas que se adaptan a las necesidades espec\u00edficas de cada cliente. Ya sea que necesites mantenimiento y reparaci\u00f3n de tu equipo de c\u00f3mputo para asegurar su correcto funcionamiento, o que tu negocio est\u00e9 buscando implementar un sistema de punto de venta (POS) para optimizar la gesti\u00f3n [&hellip;]<\/p>\n","protected":false},"author":1,"featured_media":0,"parent":0,"menu_order":0,"comment_status":"closed","ping_status":"closed","template":"","meta":{"ocean_post_layout":"full-width","ocean_both_sidebars_style":"","ocean_both_sidebars_content_width":0,"ocean_both_sidebars_sidebars_width":0,"ocean_sidebar":"","ocean_second_sidebar":"","ocean_disable_margins":"enable","ocean_add_body_class":"","ocean_shortcode_before_top_bar":"","ocean_shortcode_after_top_bar":"","ocean_shortcode_before_header":"","ocean_shortcode_after_header":"","ocean_has_shortcode":"","ocean_shortcode_after_title":"","ocean_shortcode_before_footer_widgets":"","ocean_shortcode_after_footer_widgets":"","ocean_shortcode_before_footer_bottom":"","ocean_shortcode_after_footer_bottom":"","ocean_display_top_bar":"default","ocean_display_header":"default","ocean_header_style":"","ocean_center_header_left_menu":"","ocean_custom_header_template":"","ocean_custom_logo":0,"ocean_custom_retina_logo":0,"ocean_custom_logo_max_width":0,"ocean_custom_logo_tablet_max_width":0,"ocean_custom_logo_mobile_max_width":0,"ocean_custom_logo_max_height":0,"ocean_custom_logo_tablet_max_height":0,"ocean_custom_logo_mobile_max_height":0,"ocean_header_custom_menu":"","ocean_menu_typo_font_family":"","ocean_menu_typo_font_subset":"","ocean_menu_typo_font_size":0,"ocean_menu_typo_font_size_tablet":0,"ocean_menu_typo_font_size_mobile":0,"ocean_menu_typo_font_size_unit":"px","ocean_menu_typo_font_weight":"","ocean_menu_typo_font_weight_tablet":"","ocean_menu_typo_font_weight_mobile":"","ocean_menu_typo_transform":"","ocean_menu_typo_transform_tablet":"","ocean_menu_typo_transform_mobile":"","ocean_menu_typo_line_height":0,"ocean_menu_typo_line_height_tablet":0,"ocean_menu_typo_line_height_mobile":0,"ocean_menu_typo_line_height_unit":"","ocean_menu_typo_spacing":0,"ocean_menu_typo_spacing_tablet":0,"ocean_menu_typo_spacing_mobile":0,"ocean_menu_typo_spacing_unit":"","ocean_menu_link_color":"","ocean_menu_link_color_hover":"","ocean_menu_link_color_active":"","ocean_menu_link_background":"","ocean_menu_link_hover_background":"","ocean_menu_link_active_background":"","ocean_menu_social_links_bg":"","ocean_menu_social_hover_links_bg":"","ocean_menu_social_links_color":"","ocean_menu_social_hover_links_color":"","ocean_disable_title":"on","ocean_disable_heading":"default","ocean_post_title":"","ocean_post_subheading":"","ocean_post_title_style":"","ocean_post_title_background_color":"","ocean_post_title_background":0,"ocean_post_title_bg_image_position":"","ocean_post_title_bg_image_attachment":"","ocean_post_title_bg_image_repeat":"","ocean_post_title_bg_image_size":"","ocean_post_title_height":0,"ocean_post_title_bg_overlay":0.5,"ocean_post_title_bg_overlay_color":"","ocean_disable_breadcrumbs":"default","ocean_breadcrumbs_color":"","ocean_breadcrumbs_separator_color":"","ocean_breadcrumbs_links_color":"","ocean_breadcrumbs_links_hover_color":"","ocean_display_footer_widgets":"default","ocean_display_footer_bottom":"default","ocean_custom_footer_template":"","_joinchat":[],"footnotes":""},"class_list":["post-878","page","type-page","status-publish","hentry","entry","owp-thumbs-layout-horizontal","owp-btn-normal","owp-tabs-layout-horizontal","has-no-thumbnails","has-product-nav"],"_links":{"self":[{"href":"https:\/\/ceotec.com.mx\/wps\/wp-json\/wp\/v2\/pages\/878","targetHints":{"allow":["GET"]}}],"collection":[{"href":"https:\/\/ceotec.com.mx\/wps\/wp-json\/wp\/v2\/pages"}],"about":[{"href":"https:\/\/ceotec.com.mx\/wps\/wp-json\/wp\/v2\/types\/page"}],"author":[{"embeddable":true,"href":"https:\/\/ceotec.com.mx\/wps\/wp-json\/wp\/v2\/users\/1"}],"replies":[{"embeddable":true,"href":"https:\/\/ceotec.com.mx\/wps\/wp-json\/wp\/v2\/comments?post=878"}],"version-history":[{"count":61,"href":"https:\/\/ceotec.com.mx\/wps\/wp-json\/wp\/v2\/pages\/878\/revisions"}],"predecessor-version":[{"id":1710,"href":"https:\/\/ceotec.com.mx\/wps\/wp-json\/wp\/v2\/pages\/878\/revisions\/1710"}],"wp:attachment":[{"href":"https:\/\/ceotec.com.mx\/wps\/wp-json\/wp\/v2\/media?parent=878"}],"curies":[{"name":"wp","href":"https:\/\/api.w.org\/{rel}","templated":true}]}}