{"id":40052,"date":"2026-05-08T10:58:45","date_gmt":"2026-05-08T16:58:45","guid":{"rendered":"https:\/\/ceotec.com.mx\/wps\/?post_type=product&#038;p=40052"},"modified":"2026-05-08T11:49:33","modified_gmt":"2026-05-08T17:49:33","slug":"tambor-brother-dr1060","status":"publish","type":"product","link":"https:\/\/ceotec.com.mx\/wps\/product\/tambor-brother-dr1060\/","title":{"rendered":"TAMBOR BROTHER DR1060"},"content":{"rendered":"<p>DISE\u00d1ADO PARA SATISFACER LAS EXIGENCIAS DE FLUJOS DE TRABAJO INTENSOS, EL TAMBOR BROTHER DR-1060 OFRECE UNA AUTONOM\u00cdA DE 10,000 P\u00c1GINAS CON UNA CALIDAD DE IMAGEN IMPECABLE, SU ALTA CAPACIDAD OPERATIVA ES FUNDAMENTAL PARA OFICINAS QUE BUSCAN MAXIMIZAR LA EFICIENCIA DIARIA SIN INTERRUPCIONES, GRACIAS A SU RENDIMIENTO CONSTANTE, ESTE COMPONENTE GARANTIZA QUE CADA DOCUMENTO MANTENGA LA NITIDEZ Y EL RIGOR PROFESIONAL NECESARIOS EN CUALQUIER ENTORNO CORPORATIVO.<\/p>\n","protected":false},"excerpt":{"rendered":"<p>TONER BROTHER COMPATIBLE CON: HL-1112\\NDCP-1512\\NHL-1202\\NHL-1212W\\NDCP-1602\\NDCP-1617NW<\/p>\n","protected":false},"featured_media":40056,"comment_status":"open","ping_status":"closed","template":"","meta":{"ocean_post_layout":"","ocean_both_sidebars_style":"","ocean_both_sidebars_content_width":0,"ocean_both_sidebars_sidebars_width":0,"ocean_sidebar":"0","ocean_second_sidebar":"0","ocean_disable_margins":"enable","ocean_add_body_class":"","ocean_shortcode_before_top_bar":"","ocean_shortcode_after_top_bar":"","ocean_shortcode_before_header":"","ocean_shortcode_after_header":"","ocean_has_shortcode":"","ocean_shortcode_after_title":"","ocean_shortcode_before_footer_widgets":"","ocean_shortcode_after_footer_widgets":"","ocean_shortcode_before_footer_bottom":"","ocean_shortcode_after_footer_bottom":"","ocean_display_top_bar":"default","ocean_display_header":"default","ocean_header_style":"","ocean_center_header_left_menu":"0","ocean_custom_header_template":"0","ocean_custom_logo":0,"ocean_custom_retina_logo":0,"ocean_custom_logo_max_width":0,"ocean_custom_logo_tablet_max_width":0,"ocean_custom_logo_mobile_max_width":0,"ocean_custom_logo_max_height":0,"ocean_custom_logo_tablet_max_height":0,"ocean_custom_logo_mobile_max_height":0,"ocean_header_custom_menu":"0","ocean_menu_typo_font_family":"0","ocean_menu_typo_font_subset":"","ocean_menu_typo_font_size":0,"ocean_menu_typo_font_size_tablet":0,"ocean_menu_typo_font_size_mobile":0,"ocean_menu_typo_font_size_unit":"px","ocean_menu_typo_font_weight":"","ocean_menu_typo_font_weight_tablet":"","ocean_menu_typo_font_weight_mobile":"","ocean_menu_typo_transform":"","ocean_menu_typo_transform_tablet":"","ocean_menu_typo_transform_mobile":"","ocean_menu_typo_line_height":0,"ocean_menu_typo_line_height_tablet":0,"ocean_menu_typo_line_height_mobile":0,"ocean_menu_typo_line_height_unit":"","ocean_menu_typo_spacing":0,"ocean_menu_typo_spacing_tablet":0,"ocean_menu_typo_spacing_mobile":0,"ocean_menu_typo_spacing_unit":"","ocean_menu_link_color":"","ocean_menu_link_color_hover":"","ocean_menu_link_color_active":"","ocean_menu_link_background":"","ocean_menu_link_hover_background":"","ocean_menu_link_active_background":"","ocean_menu_social_links_bg":"","ocean_menu_social_hover_links_bg":"","ocean_menu_social_links_color":"","ocean_menu_social_hover_links_color":"","ocean_disable_title":"default","ocean_disable_heading":"default","ocean_post_title":"","ocean_post_subheading":"","ocean_post_title_style":"","ocean_post_title_background_color":"","ocean_post_title_background":0,"ocean_post_title_bg_image_position":"","ocean_post_title_bg_image_attachment":"","ocean_post_title_bg_image_repeat":"","ocean_post_title_bg_image_size":"","ocean_post_title_height":0,"ocean_post_title_bg_overlay":0.5,"ocean_post_title_bg_overlay_color":"","ocean_disable_breadcrumbs":"default","ocean_breadcrumbs_color":"","ocean_breadcrumbs_separator_color":"","ocean_breadcrumbs_links_color":"","ocean_breadcrumbs_links_hover_color":"","ocean_display_footer_widgets":"default","ocean_display_footer_bottom":"default","ocean_custom_footer_template":"0","_joinchat":[]},"product_brand":[207],"product_cat":[15],"product_tag":[],"class_list":{"0":"post-40052","1":"product","2":"type-product","3":"status-publish","4":"has-post-thumbnail","6":"product_brand-brother","7":"product_cat-uncategorized","9":"entry","10":"has-media","12":"first","13":"instock","14":"shipping-taxable","15":"purchasable","16":"product-type-simple","17":"has-product-nav","18":"col","19":"span_1_of_5","20":"owp-content-center","21":"owp-thumbs-layout-horizontal","22":"owp-btn-normal","23":"owp-tabs-layout-horizontal","24":"has-no-thumbnails"},"_links":{"self":[{"href":"https:\/\/ceotec.com.mx\/wps\/wp-json\/wp\/v2\/product\/40052","targetHints":{"allow":["GET"]}}],"collection":[{"href":"https:\/\/ceotec.com.mx\/wps\/wp-json\/wp\/v2\/product"}],"about":[{"href":"https:\/\/ceotec.com.mx\/wps\/wp-json\/wp\/v2\/types\/product"}],"replies":[{"embeddable":true,"href":"https:\/\/ceotec.com.mx\/wps\/wp-json\/wp\/v2\/comments?post=40052"}],"wp:featuredmedia":[{"embeddable":true,"href":"https:\/\/ceotec.com.mx\/wps\/wp-json\/wp\/v2\/media\/40056"}],"wp:attachment":[{"href":"https:\/\/ceotec.com.mx\/wps\/wp-json\/wp\/v2\/media?parent=40052"}],"wp:term":[{"taxonomy":"product_brand","embeddable":true,"href":"https:\/\/ceotec.com.mx\/wps\/wp-json\/wp\/v2\/product_brand?post=40052"},{"taxonomy":"product_cat","embeddable":true,"href":"https:\/\/ceotec.com.mx\/wps\/wp-json\/wp\/v2\/product_cat?post=40052"},{"taxonomy":"product_tag","embeddable":true,"href":"https:\/\/ceotec.com.mx\/wps\/wp-json\/wp\/v2\/product_tag?post=40052"}],"curies":[{"name":"wp","href":"https:\/\/api.w.org\/{rel}","templated":true}]}}